{"id":238,"date":"2025-12-26T16:28:19","date_gmt":"2025-12-26T15:28:19","guid":{"rendered":"https:\/\/ulysse.memorial\/?page_id=238"},"modified":"2025-12-26T16:30:40","modified_gmt":"2025-12-26T15:30:40","slug":"mentions-legales","status":"publish","type":"page","link":"https:\/\/ulysse.memorial\/index.php\/mentions-legales\/","title":{"rendered":"Mentions l\u00e9gales"},"content":{"rendered":"\n<p><em>Publi\u00e9 le 26 d\u00e9cembre 2025<\/em><br><br><strong>Mentions l\u00e9gales<\/strong><\/p>\n\n\n\n<p>Conform\u00e9ment aux dispositions l\u00e9gales en vigueur, il est pr\u00e9cis\u00e9 aux utilisateurs du site les informations suivantes.<\/p>\n\n\n\n<p><\/p>\n\n\n\n<p><strong>\u00c9diteur du site<\/strong><br>Le site est \u00e9dit\u00e9 par Circ\u00e9 Productions et Services SRL, num\u00e9ro d\u2019entreprise BE 0436.144.662, dont le si\u00e8ge social est situ\u00e9 Rue du Calvaire Bagimont 8, 5550 Vresse-sur-Semois, Belgique.<br>ULYSSE MEMORIAL est un service \/ d\u00e9partement de Circ\u00e9 Productions et Services SRL.<\/p>\n\n\n\n<p><\/p>\n\n\n\n<p><strong>Responsable de la publication<\/strong><br>Le responsable de la publication est <strong>Circ\u00e9 Productions et Services SRL<\/strong>.<\/p>\n\n\n\n<p><\/p>\n\n\n\n<p><strong>Contact<\/strong><br>Pour toute question relative au site ou \u00e0 son contenu, vous pouvez prendre contact via le formulaire pr\u00e9vu \u00e0 cet effet sur le site.<\/p>\n\n\n\n<p><\/p>\n\n\n\n<p><strong>H\u00e9bergement du site<\/strong><br>Le site est h\u00e9berg\u00e9 par <strong>OVH SAS<\/strong>, 2 rue Kellermann, 59100 Roubaix, France.<\/p>\n\n\n\n<p><\/p>\n\n\n\n<p><strong>Propri\u00e9t\u00e9 intellectuelle<\/strong><br>L\u2019ensemble du contenu pr\u00e9sent sur le site ULYSSE MEMORIAL (textes, images, graphismes, logo, mise en page et structure \u00e9ditoriale) est prot\u00e9g\u00e9 par le droit d\u2019auteur et par la l\u00e9gislation relative \u00e0 la propri\u00e9t\u00e9 intellectuelle.<br>Toute reproduction, repr\u00e9sentation, modification ou adaptation, totale ou partielle, de tout ou partie du site, sans autorisation \u00e9crite pr\u00e9alable de Circ\u00e9 Productions et Services SRL, est strictement interdite.<\/p>\n\n\n\n<p><\/p>\n\n\n\n<p><strong>Responsabilit\u00e9<\/strong><br>Circ\u00e9 Productions et Services SRL s\u2019efforce d\u2019assurer l\u2019exactitude et la mise \u00e0 jour des informations diffus\u00e9es sur le site.<br>Toutefois, elle ne saurait \u00eatre tenue responsable d\u2019erreurs, d\u2019omissions ou de l\u2019indisponibilit\u00e9 temporaire du site.<br>L\u2019utilisateur reconna\u00eet utiliser le site sous sa responsabilit\u00e9 exclusive.<\/p>\n\n\n\n<p><\/p>\n\n\n\n<p><strong>Donn\u00e9es personnelles<\/strong><br>Les modalit\u00e9s de collecte et de traitement des donn\u00e9es personnelles sont d\u00e9taill\u00e9es dans la <strong>Politique de confidentialit\u00e9<\/strong> accessible depuis le site.<\/p>\n\n\n\n<p><\/p>\n\n\n\n<p><strong>Droit applicable<\/strong><br>Les pr\u00e9sentes mentions l\u00e9gales sont r\u00e9gies par le droit belge.<br>En cas de litige, les tribunaux belges sont seuls comp\u00e9tents.<\/p>\n\n\n\n<div style=\"height:100px\" aria-hidden=\"true\" class=\"wp-block-spacer\"><\/div>\n","protected":false},"excerpt":{"rendered":"<p>Publi\u00e9 le 26 d\u00e9cembre 2025 Mentions l\u00e9gales Conform\u00e9ment aux dispositions l\u00e9gales en vigueur, il est pr\u00e9cis\u00e9 aux utilisateurs du site les informations suivantes. \u00c9diteur du siteLe site est \u00e9dit\u00e9 par Circ\u00e9 Productions et Services SRL, num\u00e9ro d\u2019entreprise BE 0436.144.662, dont le si\u00e8ge social est situ\u00e9 Rue du Calvaire Bagimont 8, 5550 Vresse-sur-Semois, Belgique.ULYSSE MEMORIAL est [&hellip;]<\/p>\n","protected":false},"author":1,"featured_media":0,"parent":0,"menu_order":0,"comment_status":"closed","ping_status":"closed","template":"","meta":{"footnotes":""},"class_list":["post-238","page","type-page","status-publish","hentry"],"_links":{"self":[{"href":"https:\/\/ulysse.memorial\/index.php\/wp-json\/wp\/v2\/pages\/238","targetHints":{"allow":["GET"]}}],"collection":[{"href":"https:\/\/ulysse.memorial\/index.php\/wp-json\/wp\/v2\/pages"}],"about":[{"href":"https:\/\/ulysse.memorial\/index.php\/wp-json\/wp\/v2\/types\/page"}],"author":[{"embeddable":true,"href":"https:\/\/ulysse.memorial\/index.php\/wp-json\/wp\/v2\/users\/1"}],"replies":[{"embeddable":true,"href":"https:\/\/ulysse.memorial\/index.php\/wp-json\/wp\/v2\/comments?post=238"}],"version-history":[{"count":2,"href":"https:\/\/ulysse.memorial\/index.php\/wp-json\/wp\/v2\/pages\/238\/revisions"}],"predecessor-version":[{"id":241,"href":"https:\/\/ulysse.memorial\/index.php\/wp-json\/wp\/v2\/pages\/238\/revisions\/241"}],"wp:attachment":[{"href":"https:\/\/ulysse.memorial\/index.php\/wp-json\/wp\/v2\/media?parent=238"}],"curies":[{"name":"wp","href":"https:\/\/api.w.org\/{rel}","templated":true}]}}